{"id":1294,"date":"2024-04-15T17:29:34","date_gmt":"2024-04-15T14:29:34","guid":{"rendered":"https:\/\/www.umtlform.com\/?page_id=1294"},"modified":"2024-04-30T15:56:52","modified_gmt":"2024-04-30T12:56:52","slug":"zuhause","status":"publish","type":"page","link":"https:\/\/www.umtlform.com\/de\/","title":{"rendered":"Zuhause"},"content":{"rendered":"<section class=\"l-section wpb_row banner height_medium full_height valign_center with_img\"><div class=\"l-section-img\" role=\"img\" data-img-width=\"1216\" data-img-height=\"685\" style=\"background-image: url(https:\/\/www.umtlform.com\/wp-content\/uploads\/2024\/04\/HomeBGAlt.jpg);\"><\/div><div class=\"l-section-overlay\" style=\"background:rgba(13,13,13,0.8)\"><\/div><div class=\"l-section-h i-cf\"><div class=\"g-cols vc_row via_flex valign_top type_default stacking_default\"><div class=\"vc_col-sm-12 wpb_column vc_column_container\"><div class=\"vc_column-inner\"><div class=\"wpb_wrapper\"><div class=\"w-image align_none\"><div class=\"w-image-h\"><img decoding=\"async\" width=\"300\" height=\"300\" src=\"https:\/\/www.umtlform.com\/wp-content\/uploads\/2024\/04\/UMTLWhiteLogo.svg\" class=\"attachment-thumbnail size-thumbnail\" alt=\"UMTL Logo\" loading=\"lazy\" \/><\/div><\/div><div class=\"w-separator size_small\"><\/div><div class=\"wpb_text_column us_custom_6df4bc3a has_text_color\"><div class=\"wpb_wrapper\"><h4>Laserschwei\u00dfen, Manuelles und Robotergest\u00fctztes Schwei\u00dfen Gasschwei\u00dfen, Punktschwei\u00dfen, Laserschneiden, Abkantpresse, Rohr- und Profilbiegen, Blechumformung.<\/h4>\n<\/div><\/div><div class=\"w-iconbox iconpos_left style_default color_primary align_left no_text no_title\"><a href=\"#about-us\" class=\"w-iconbox-link\" aria-label=\"fal|chevron-down\"><div class=\"w-iconbox-icon\" style=\"font-size:2rem;\"><i class=\"fal fa-chevron-down\"><\/i><\/div><\/a><div class=\"w-iconbox-meta\"><\/div><\/div><\/div><\/div><\/div><\/div><\/div><\/section><section class=\"l-section wpb_row height_auto width_full\" id=\"about-us\"><div class=\"l-section-h i-cf\"><div class=\"g-cols vc_row via_flex valign_top type_default stacking_default\"><div class=\"vc_col-sm-12 wpb_column vc_column_container\"><div class=\"vc_column-inner\"><div class=\"wpb_wrapper\"><div class=\"g-cols wpb_row via_flex valign_middle type_boxes stacking_default\"><div class=\"vc_col-sm-6 wpb_column vc_column_container\"><div class=\"vc_column-inner us_custom_7e20fa79 us_animate_this\"><div class=\"wpb_wrapper\"><div class=\"w-image align_none\"><div class=\"w-image-h\"><img decoding=\"async\" width=\"300\" height=\"300\" src=\"https:\/\/www.umtlform.com\/wp-content\/uploads\/2024\/04\/UMTL-Logo.svg\" class=\"attachment-thumbnail size-thumbnail\" alt=\"UMTL Logo\" loading=\"lazy\" \/><\/div><\/div><div class=\"w-separator size_small\"><\/div><div class=\"wpb_text_column\"><div class=\"wpb_wrapper\"><p><strong><span class=\"hight-text\">UMTL Kaynak Press Form<\/span><\/strong> ist ein Unternehmen, das sich auf die Bereitstellung von Industrieausr\u00fcstung und Materialien mit einem innovativen und l\u00f6sungsorientierten Ansatz spezialisiert hat. Unser im Jahr 2021 gegr\u00fcndetes Unternehmen hat sich zum Ziel gesetzt, die Bed\u00fcrfnisse der Branche zu verstehen, zu erf\u00fcllen und zu \u00fcbertreffen.<\/p>\n<p><strong><span class=\"hight-text\">UMTL Kaynak Press Form<\/span><\/strong> ist bestrebt, Ihre Anforderungen zu erf\u00fcllen und das Potenzial Ihres Unternehmens mit den Funktionen von Laserschwei\u00dfen, Manuelles und Robotergest\u00fctztes Schwei\u00dfen Gasschwei\u00dfen, Punktschwei\u00dfen, Laserschneiden, Abkantpresse, Rohr- und Profilbiegen, Blechumformung.<\/p>\n<\/div><\/div><div class=\"w-separator size_small\"><\/div><div class=\"w-btn-wrapper align_none\"><a class=\"w-btn us-btn-style_1\" title=\"Contact\" href=\"https:\/\/www.umtlform.com\/de\/kontakt\/\"><span class=\"w-btn-label\">Kontaktiere uns<\/span><\/a><\/div><\/div><\/div><\/div><div class=\"vc_col-sm-6 wpb_column vc_column_container\"><div class=\"vc_column-inner us_custom_47474b22 us_animate_this\"><div class=\"wpb_wrapper\"><div class=\"w-image style_shadow-1 align_none\"><div class=\"w-image-h\"><img decoding=\"async\" width=\"640\" height=\"640\" src=\"https:\/\/www.umtlform.com\/wp-content\/uploads\/2024\/04\/UMTLCompany.jpeg\" class=\"attachment-full size-full\" alt=\"UMTL Kaynak &amp; Pres Form\" loading=\"lazy\" srcset=\"https:\/\/www.umtlform.com\/wp-content\/uploads\/2024\/04\/UMTLCompany.jpeg 640w, https:\/\/www.umtlform.com\/wp-content\/uploads\/2024\/04\/UMTLCompany-300x300.jpeg 300w\" sizes=\"auto, (max-width: 640px) 100vw, 640px\" \/><\/div><\/div><\/div><\/div><\/div><\/div><\/div><\/div><\/div><\/div><\/div><\/section><section class=\"l-section wpb_row us_custom_4a593b65 us_animate_this height_small color_alternate\" id=\"capabilities\"><div class=\"l-section-h i-cf\"><div class=\"g-cols vc_row via_flex valign_top type_default stacking_default\"><div class=\"vc_col-sm-12 wpb_column vc_column_container\"><div class=\"vc_column-inner\"><div class=\"wpb_wrapper\"><div class=\"g-cols wpb_row via_flex valign_top type_default stacking_default\"><div class=\"vc_col-sm-12 wpb_column vc_column_container\"><div class=\"vc_column-inner\"><div class=\"wpb_wrapper\"><div class=\"wpb_text_column us_custom_d9d2068f\"><div class=\"wpb_wrapper\"><h2 style=\"text-align: center;\">Unsere <span class=\"hight-text\">F\u00e4higkeiten<\/span><\/h2>\n<\/div><\/div><\/div><\/div><\/div><\/div><div class=\"g-cols wpb_row products-list via_flex valign_top type_default stacking_default\"><div class=\"vc_col-sm-4 vc_col-lg-4 vc_col-md-6 vc_col-xs-12 wpb_column vc_column_container\"><div class=\"vc_column-inner us_custom_9ef015cd\"><div class=\"wpb_wrapper\"><div class=\"w-iconbox iconpos_top style_default color_primary align_center no_text icontype_img\"><div class=\"w-iconbox-icon\" style=\"font-size:2rem;\"><img loading=\"lazy\" decoding=\"async\" width=\"512\" height=\"512\" src=\"https:\/\/www.umtlform.com\/wp-content\/uploads\/2024\/04\/laser.png\" class=\"attachment-full size-full\" alt=\"Laser Cutting\" srcset=\"https:\/\/www.umtlform.com\/wp-content\/uploads\/2024\/04\/laser.png 512w, https:\/\/www.umtlform.com\/wp-content\/uploads\/2024\/04\/laser-300x300.png 300w\" sizes=\"auto, (max-width: 512px) 100vw, 512px\" \/><\/div><div class=\"w-iconbox-meta\"><h4 class=\"w-iconbox-title\">Laserschwei\u00dfen<\/h4><\/div><\/div><\/div><\/div><\/div><div class=\"vc_col-sm-4 vc_col-lg-4 vc_col-md-6 vc_col-xs-12 wpb_column vc_column_container\"><div class=\"vc_column-inner us_custom_9ef015cd\"><div class=\"wpb_wrapper\"><div class=\"w-iconbox iconpos_top style_default color_primary align_center no_text icontype_img\"><div class=\"w-iconbox-icon\" style=\"font-size:2rem;\"><img loading=\"lazy\" decoding=\"async\" width=\"512\" height=\"512\" src=\"https:\/\/www.umtlform.com\/wp-content\/uploads\/2024\/04\/gaswelding.png\" class=\"attachment-full size-full\" alt=\"Gas Welding\" srcset=\"https:\/\/www.umtlform.com\/wp-content\/uploads\/2024\/04\/gaswelding.png 512w, https:\/\/www.umtlform.com\/wp-content\/uploads\/2024\/04\/gaswelding-300x300.png 300w\" sizes=\"auto, (max-width: 512px) 100vw, 512px\" \/><\/div><div class=\"w-iconbox-meta\"><h4 class=\"w-iconbox-title\">Manuelles und Robotergest\u00fctztes Schwei\u00dfen Gasschwei\u00dfen<\/h4><\/div><\/div><\/div><\/div><\/div><div class=\"vc_col-sm-4 vc_col-lg-4 vc_col-md-6 vc_col-xs-12 wpb_column vc_column_container\"><div class=\"vc_column-inner us_custom_9ef015cd\"><div class=\"wpb_wrapper\"><div class=\"w-iconbox iconpos_top style_default color_primary align_center no_text icontype_img\"><div class=\"w-iconbox-icon\" style=\"font-size:2rem;\"><img loading=\"lazy\" decoding=\"async\" width=\"512\" height=\"528\" src=\"https:\/\/www.umtlform.com\/wp-content\/uploads\/2024\/04\/spot.png\" class=\"attachment-full size-full\" alt=\"Spot Welding\" \/><\/div><div class=\"w-iconbox-meta\"><h4 class=\"w-iconbox-title\">Punktschwei\u00dfen<\/h4><\/div><\/div><\/div><\/div><\/div><\/div><div class=\"g-cols wpb_row products-list via_flex valign_top type_default stacking_default\"><div class=\"vc_col-sm-4 vc_col-lg-4 vc_col-md-6 vc_col-xs-12 wpb_column vc_column_container\"><div class=\"vc_column-inner us_custom_9ef015cd\"><div class=\"wpb_wrapper\"><div class=\"w-iconbox iconpos_top style_default color_primary align_center no_text icontype_img\"><div class=\"w-iconbox-icon\" style=\"font-size:2rem;\"><img loading=\"lazy\" decoding=\"async\" width=\"512\" height=\"512\" src=\"https:\/\/www.umtlform.com\/wp-content\/uploads\/2024\/04\/laser.png\" class=\"attachment-full size-full\" alt=\"Laser Cutting\" srcset=\"https:\/\/www.umtlform.com\/wp-content\/uploads\/2024\/04\/laser.png 512w, https:\/\/www.umtlform.com\/wp-content\/uploads\/2024\/04\/laser-300x300.png 300w\" sizes=\"auto, (max-width: 512px) 100vw, 512px\" \/><\/div><div class=\"w-iconbox-meta\"><h4 class=\"w-iconbox-title\">Laserschneiden<\/h4><\/div><\/div><\/div><\/div><\/div><div class=\"vc_col-sm-4 vc_col-lg-4 vc_col-md-6 vc_col-xs-12 wpb_column vc_column_container\"><div class=\"vc_column-inner us_custom_9ef015cd\"><div class=\"wpb_wrapper\"><div class=\"w-iconbox iconpos_top style_default color_primary align_center no_text icontype_img\"><div class=\"w-iconbox-icon\" style=\"font-size:2rem;\"><img loading=\"lazy\" decoding=\"async\" width=\"512\" height=\"512\" src=\"https:\/\/www.umtlform.com\/wp-content\/uploads\/2024\/04\/sheet.png\" class=\"attachment-full size-full\" alt=\"Press Brake\" srcset=\"https:\/\/www.umtlform.com\/wp-content\/uploads\/2024\/04\/sheet.png 512w, https:\/\/www.umtlform.com\/wp-content\/uploads\/2024\/04\/sheet-300x300.png 300w\" sizes=\"auto, (max-width: 512px) 100vw, 512px\" \/><\/div><div class=\"w-iconbox-meta\"><h4 class=\"w-iconbox-title\">Abkantpresse<\/h4><\/div><\/div><\/div><\/div><\/div><div class=\"vc_col-sm-4 vc_col-lg-4 vc_col-md-6 vc_col-xs-12 wpb_column vc_column_container\"><div class=\"vc_column-inner us_custom_9ef015cd\"><div class=\"wpb_wrapper\"><div class=\"w-iconbox iconpos_top style_default color_primary align_center no_text icontype_img\"><div class=\"w-iconbox-icon\" style=\"font-size:2rem;\"><img loading=\"lazy\" decoding=\"async\" width=\"512\" height=\"512\" src=\"https:\/\/www.umtlform.com\/wp-content\/uploads\/2024\/04\/bending.png\" class=\"attachment-full size-full\" alt=\"Pipe &amp; Profile Bending\" srcset=\"https:\/\/www.umtlform.com\/wp-content\/uploads\/2024\/04\/bending.png 512w, https:\/\/www.umtlform.com\/wp-content\/uploads\/2024\/04\/bending-300x300.png 300w\" sizes=\"auto, (max-width: 512px) 100vw, 512px\" \/><\/div><div class=\"w-iconbox-meta\"><h4 class=\"w-iconbox-title\">Rohr- und Profilbiegen<\/h4><\/div><\/div><\/div><\/div><\/div><\/div><div class=\"g-cols wpb_row products-list via_flex valign_top type_default stacking_default\"><div class=\"vc_col-sm-4 vc_col-lg-4 vc_col-md-6 vc_col-xs-12 wpb_column vc_column_container\"><div class=\"vc_column-inner us_custom_9ef015cd\"><div class=\"wpb_wrapper\"><\/div><\/div><\/div><div class=\"vc_col-sm-4 vc_col-lg-4 vc_col-md-6 vc_col-xs-12 wpb_column vc_column_container\"><div class=\"vc_column-inner us_custom_9ef015cd\"><div class=\"wpb_wrapper\"><div class=\"w-iconbox iconpos_top style_default color_primary align_center no_text icontype_img\"><div class=\"w-iconbox-icon\" style=\"font-size:2rem;\"><img loading=\"lazy\" decoding=\"async\" width=\"512\" height=\"512\" src=\"https:\/\/www.umtlform.com\/wp-content\/uploads\/2024\/04\/metal.png\" class=\"attachment-full size-full\" alt=\"Sheet Metal Bending\" srcset=\"https:\/\/www.umtlform.com\/wp-content\/uploads\/2024\/04\/metal.png 512w, https:\/\/www.umtlform.com\/wp-content\/uploads\/2024\/04\/metal-300x300.png 300w\" sizes=\"auto, (max-width: 512px) 100vw, 512px\" \/><\/div><div class=\"w-iconbox-meta\"><h4 class=\"w-iconbox-title\">Blechumformung<\/h4><\/div><\/div><\/div><\/div><\/div><div class=\"vc_col-sm-4 vc_col-lg-4 vc_col-md-6 vc_col-xs-12 wpb_column vc_column_container\"><div class=\"vc_column-inner us_custom_9ef015cd\"><div class=\"wpb_wrapper\"><\/div><\/div><\/div><\/div><\/div><\/div><\/div><\/div><\/div><\/section><section class=\"l-section wpb_row us_custom_4a593b65 us_animate_this height_medium\"><div class=\"l-section-h i-cf\"><div class=\"g-cols vc_row via_flex valign_top type_default stacking_default\"><div class=\"vc_col-sm-12 wpb_column vc_column_container\"><div class=\"vc_column-inner\"><div class=\"wpb_wrapper\"><div class=\"wpb_text_column us_custom_d9d2068f\"><div class=\"wpb_wrapper\"><h2 style=\"text-align: center;\">Unsere <span class=\"hight-text\">Produkte<\/span><\/h2>\n<\/div><\/div><div class=\"w-grid type_grid layout_gallery_default cols_4 valign_center\" id=\"us_grid_1\" style=\"--gap:1rem;\" data-filterable=\"true\"><style>@media (max-width:1380px){#us_grid_1 .w-grid-item{width:33.3333%}}@media (max-width:1024px){#us_grid_1 .w-grid-item{width:50%}}@media (max-width:600px){#us_grid_1 .w-grid-list{margin:0}#us_grid_1 .w-grid-item{width:100%;padding:0;margin-bottom:var(--gap,0px)}}.layout_gallery_default .w-grid-item-h{}<\/style><div class=\"w-grid-list\">\t<article class=\"w-grid-item post-1106 attachment type-attachment status-inherit hentry\" data-id=\"1106\">\r\n\t\t<div class=\"w-grid-item-h\">\r\n\t\t\t\t\t\t\t<a ref=\"magnificPopupGrid\" href=\"https:\/\/www.umtlform.com\/wp-content\/uploads\/2024\/04\/Products2.jpg\" class=\"w-grid-item-anchor\" aria-label=\"Products2\" title=\"Products2\"><\/a>\r\n\t\t\t\t\t\t<div class=\"w-post-elm post_image usg_post_image_1 stretched\"><img loading=\"lazy\" decoding=\"async\" width=\"300\" height=\"300\" src=\"https:\/\/www.umtlform.com\/wp-content\/uploads\/2024\/04\/Products2-300x300.jpg\" class=\"attachment-thumbnail size-thumbnail\" alt=\"\" srcset=\"https:\/\/www.umtlform.com\/wp-content\/uploads\/2024\/04\/Products2-300x300.jpg 300w, https:\/\/www.umtlform.com\/wp-content\/uploads\/2024\/04\/Products2.jpg 498w\" sizes=\"auto, (max-width: 300px) 100vw, 300px\" \/><\/div>\t\t<\/div>\r\n\t\t\t<\/article>\r\n\t<article class=\"w-grid-item post-1104 attachment type-attachment status-inherit hentry\" data-id=\"1104\">\r\n\t\t<div class=\"w-grid-item-h\">\r\n\t\t\t\t\t\t\t<a ref=\"magnificPopupGrid\" href=\"https:\/\/www.umtlform.com\/wp-content\/uploads\/2024\/04\/Products.jpg\" class=\"w-grid-item-anchor\" aria-label=\"Products\" title=\"Products\"><\/a>\r\n\t\t\t\t\t\t<div class=\"w-post-elm post_image usg_post_image_1 stretched\"><img loading=\"lazy\" decoding=\"async\" width=\"300\" height=\"300\" src=\"https:\/\/www.umtlform.com\/wp-content\/uploads\/2024\/04\/Products-300x300.jpg\" class=\"attachment-thumbnail size-thumbnail\" alt=\"\" srcset=\"https:\/\/www.umtlform.com\/wp-content\/uploads\/2024\/04\/Products-300x300.jpg 300w, https:\/\/www.umtlform.com\/wp-content\/uploads\/2024\/04\/Products.jpg 450w\" sizes=\"auto, (max-width: 300px) 100vw, 300px\" \/><\/div>\t\t<\/div>\r\n\t\t\t<\/article>\r\n\t<article class=\"w-grid-item post-1102 attachment type-attachment status-inherit hentry\" data-id=\"1102\">\r\n\t\t<div class=\"w-grid-item-h\">\r\n\t\t\t\t\t\t\t<a ref=\"magnificPopupGrid\" href=\"https:\/\/www.umtlform.com\/wp-content\/uploads\/2024\/04\/image42.jpeg\" class=\"w-grid-item-anchor\" aria-label=\"image42\" title=\"image42\"><\/a>\r\n\t\t\t\t\t\t<div class=\"w-post-elm post_image usg_post_image_1 stretched\"><img loading=\"lazy\" decoding=\"async\" width=\"300\" height=\"300\" src=\"https:\/\/www.umtlform.com\/wp-content\/uploads\/2024\/04\/image42-300x300.jpeg\" class=\"attachment-thumbnail size-thumbnail\" alt=\"\" \/><\/div>\t\t<\/div>\r\n\t\t\t<\/article>\r\n\t<article class=\"w-grid-item post-1100 attachment type-attachment status-inherit hentry\" data-id=\"1100\">\r\n\t\t<div class=\"w-grid-item-h\">\r\n\t\t\t\t\t\t\t<a ref=\"magnificPopupGrid\" href=\"https:\/\/www.umtlform.com\/wp-content\/uploads\/2024\/04\/image41.jpeg\" class=\"w-grid-item-anchor\" aria-label=\"image41\" title=\"image41\"><\/a>\r\n\t\t\t\t\t\t<div class=\"w-post-elm post_image usg_post_image_1 stretched\"><img loading=\"lazy\" decoding=\"async\" width=\"300\" height=\"300\" src=\"https:\/\/www.umtlform.com\/wp-content\/uploads\/2024\/04\/image41-300x300.jpeg\" class=\"attachment-thumbnail size-thumbnail\" alt=\"\" \/><\/div>\t\t<\/div>\r\n\t\t\t<\/article>\r\n\t<article class=\"w-grid-item post-1098 attachment type-attachment status-inherit hentry\" data-id=\"1098\">\r\n\t\t<div class=\"w-grid-item-h\">\r\n\t\t\t\t\t\t\t<a ref=\"magnificPopupGrid\" href=\"https:\/\/www.umtlform.com\/wp-content\/uploads\/2024\/04\/image45.jpeg\" class=\"w-grid-item-anchor\" aria-label=\"image45\" title=\"image45\"><\/a>\r\n\t\t\t\t\t\t<div class=\"w-post-elm post_image usg_post_image_1 stretched\"><img loading=\"lazy\" decoding=\"async\" width=\"300\" height=\"300\" src=\"https:\/\/www.umtlform.com\/wp-content\/uploads\/2024\/04\/image45-300x300.jpeg\" class=\"attachment-thumbnail size-thumbnail\" alt=\"\" \/><\/div>\t\t<\/div>\r\n\t\t\t<\/article>\r\n\t<article class=\"w-grid-item post-1096 attachment type-attachment status-inherit hentry\" data-id=\"1096\">\r\n\t\t<div class=\"w-grid-item-h\">\r\n\t\t\t\t\t\t\t<a ref=\"magnificPopupGrid\" href=\"https:\/\/www.umtlform.com\/wp-content\/uploads\/2024\/04\/image31.jpeg\" class=\"w-grid-item-anchor\" aria-label=\"image31\" title=\"image31\"><\/a>\r\n\t\t\t\t\t\t<div class=\"w-post-elm post_image usg_post_image_1 stretched\"><img loading=\"lazy\" decoding=\"async\" width=\"300\" height=\"300\" src=\"https:\/\/www.umtlform.com\/wp-content\/uploads\/2024\/04\/image31-300x300.jpeg\" class=\"attachment-thumbnail size-thumbnail\" alt=\"\" \/><\/div>\t\t<\/div>\r\n\t\t\t<\/article>\r\n\t<article class=\"w-grid-item post-1094 attachment type-attachment status-inherit hentry\" data-id=\"1094\">\r\n\t\t<div class=\"w-grid-item-h\">\r\n\t\t\t\t\t\t\t<a ref=\"magnificPopupGrid\" href=\"https:\/\/www.umtlform.com\/wp-content\/uploads\/2024\/04\/image30.jpeg\" class=\"w-grid-item-anchor\" aria-label=\"image30\" title=\"image30\"><\/a>\r\n\t\t\t\t\t\t<div class=\"w-post-elm post_image usg_post_image_1 stretched\"><img loading=\"lazy\" decoding=\"async\" width=\"300\" height=\"300\" src=\"https:\/\/www.umtlform.com\/wp-content\/uploads\/2024\/04\/image30-300x300.jpeg\" class=\"attachment-thumbnail size-thumbnail\" alt=\"\" srcset=\"https:\/\/www.umtlform.com\/wp-content\/uploads\/2024\/04\/image30-300x300.jpeg 300w, https:\/\/www.umtlform.com\/wp-content\/uploads\/2024\/04\/image30.jpeg 720w\" sizes=\"auto, (max-width: 300px) 100vw, 300px\" \/><\/div>\t\t<\/div>\r\n\t\t\t<\/article>\r\n\t<article class=\"w-grid-item post-1092 attachment type-attachment status-inherit hentry\" data-id=\"1092\">\r\n\t\t<div class=\"w-grid-item-h\">\r\n\t\t\t\t\t\t\t<a ref=\"magnificPopupGrid\" href=\"https:\/\/www.umtlform.com\/wp-content\/uploads\/2024\/04\/image29.jpeg\" class=\"w-grid-item-anchor\" aria-label=\"image29\" title=\"image29\"><\/a>\r\n\t\t\t\t\t\t<div class=\"w-post-elm post_image usg_post_image_1 stretched\"><img loading=\"lazy\" decoding=\"async\" width=\"300\" height=\"300\" src=\"https:\/\/www.umtlform.com\/wp-content\/uploads\/2024\/04\/image29-300x300.jpeg\" class=\"attachment-thumbnail size-thumbnail\" alt=\"\" srcset=\"https:\/\/www.umtlform.com\/wp-content\/uploads\/2024\/04\/image29-300x300.jpeg 300w, https:\/\/www.umtlform.com\/wp-content\/uploads\/2024\/04\/image29-768x768.jpeg 768w, https:\/\/www.umtlform.com\/wp-content\/uploads\/2024\/04\/image29.jpeg 1024w\" sizes=\"auto, (max-width: 300px) 100vw, 300px\" \/><\/div>\t\t<\/div>\r\n\t\t\t<\/article>\r\n<\/div><div class=\"w-grid-preloader\">\t<div class=\"g-preloader type_1\">\r\n\t\t<div><\/div>\r\n\t<\/div>\r\n\t<\/div>\t<div class=\"w-grid-json hidden\" onclick='return {&quot;action&quot;:&quot;us_ajax_grid&quot;,&quot;infinite_scroll&quot;:0,&quot;max_num_pages&quot;:1,&quot;pagination&quot;:&quot;none&quot;,&quot;template_vars&quot;:{&quot;columns&quot;:&quot;4&quot;,&quot;exclude_items&quot;:&quot;none&quot;,&quot;img_size&quot;:&quot;thumbnail&quot;,&quot;ignore_items_size&quot;:&quot;1&quot;,&quot;items_layout&quot;:&quot;gallery_default&quot;,&quot;items_offset&quot;:&quot;1&quot;,&quot;load_animation&quot;:&quot;none&quot;,&quot;overriding_link&quot;:&quot;%7B%22type%22%3A%22popup_image%22%7D&quot;,&quot;post_id&quot;:0,&quot;query_args&quot;:{&quot;post_type&quot;:[&quot;attachment&quot;],&quot;post__in&quot;:[&quot;1091&quot;,&quot;1093&quot;,&quot;1095&quot;,&quot;1097&quot;,&quot;1099&quot;,&quot;1101&quot;,&quot;1103&quot;,&quot;1105&quot;],&quot;post_status&quot;:&quot;inherit&quot;,&quot;post_mime_type&quot;:&quot;image&quot;,&quot;posts_per_page&quot;:&quot;10&quot;},&quot;orderby_query_args&quot;:{&quot;orderby&quot;:{&quot;date&quot;:&quot;DESC&quot;}},&quot;type&quot;:&quot;grid&quot;,&quot;us_grid_ajax_index&quot;:1,&quot;us_grid_filter_params&quot;:[],&quot;us_grid_index&quot;:1,&quot;_us_grid_post_type&quot;:&quot;attachment&quot;,&quot;page_args&quot;:[],&quot;lang&quot;:&quot;de&quot;}}'><\/div>\r\n\t<\/div><\/div><\/div><\/div><\/div><\/div><\/section>\n","protected":false},"excerpt":{"rendered":"","protected":false},"author":1,"featured_media":0,"parent":0,"menu_order":0,"comment_status":"closed","ping_status":"closed","template":"","meta":{"footnotes":""},"class_list":["post-1294","page","type-page","status-publish","hentry"],"_links":{"self":[{"href":"https:\/\/www.umtlform.com\/de\/wp-json\/wp\/v2\/pages\/1294","targetHints":{"allow":["GET"]}}],"collection":[{"href":"https:\/\/www.umtlform.com\/de\/wp-json\/wp\/v2\/pages"}],"about":[{"href":"https:\/\/www.umtlform.com\/de\/wp-json\/wp\/v2\/types\/page"}],"author":[{"embeddable":true,"href":"https:\/\/www.umtlform.com\/de\/wp-json\/wp\/v2\/users\/1"}],"replies":[{"embeddable":true,"href":"https:\/\/www.umtlform.com\/de\/wp-json\/wp\/v2\/comments?post=1294"}],"version-history":[{"count":9,"href":"https:\/\/www.umtlform.com\/de\/wp-json\/wp\/v2\/pages\/1294\/revisions"}],"predecessor-version":[{"id":1419,"href":"https:\/\/www.umtlform.com\/de\/wp-json\/wp\/v2\/pages\/1294\/revisions\/1419"}],"wp:attachment":[{"href":"https:\/\/www.umtlform.com\/de\/wp-json\/wp\/v2\/media?parent=1294"}],"curies":[{"name":"wp","href":"https:\/\/api.w.org\/{rel}","templated":true}]}}